{"id":219,"date":"2021-05-07T21:41:28","date_gmt":"2021-05-07T19:41:28","guid":{"rendered":"https:\/\/boulevardbasel.ch\/?page_id=219"},"modified":"2025-02-26T11:33:07","modified_gmt":"2025-02-26T10:33:07","slug":"datenschutz","status":"publish","type":"page","link":"https:\/\/boulevardbasel.ch\/en\/datenschutz\/","title":{"rendered":"Privacy Policy"},"content":{"rendered":"<div data-elementor-type=\"wp-page\" data-elementor-id=\"219\" class=\"elementor elementor-219\" data-elementor-post-type=\"page\">\n\t\t\t\t<div class=\"elementor-element elementor-element-af745f9 e-con-full e-flex e-con e-parent\" data-id=\"af745f9\" data-element_type=\"container\">\n\t\t<div class=\"elementor-element elementor-element-633f681 e-con-full e-flex e-con e-child\" data-id=\"633f681\" data-element_type=\"container\">\n\t\t\t\t<\/div>\n\t\t<div class=\"elementor-element elementor-element-7b89076 e-con-full e-flex e-con e-child\" data-id=\"7b89076\" data-element_type=\"container\">\n\t\t\t\t<div class=\"elementor-element elementor-element-1843ea0 elementor-widget elementor-widget-text-editor\" data-id=\"1843ea0\" data-element_type=\"widget\" data-widget_type=\"text-editor.default\">\n\t\t\t\t<div class=\"elementor-widget-container\">\n\t\t\t\t\t\t\t\t\t<p class=\"p1\">Datenschutzerkl\u00e4rung<\/p>\t\t\t\t\t\t\t\t<\/div>\n\t\t\t\t<\/div>\n\t\t\t\t<div class=\"elementor-element elementor-element-d253dd6 elementor-widget elementor-widget-text-editor\" data-id=\"d253dd6\" data-element_type=\"widget\" data-widget_type=\"text-editor.default\">\n\t\t\t\t<div class=\"elementor-widget-container\">\n\t\t\t\t\t\t\t\t\t<p><strong>Grundlegendes<\/strong><\/p><p>Diese Datenschutzbestimmungen basieren auf den Gesetzlichen Regelungen der DSGVO (Datenschutz Grundverordnung) welche per 25. Mai 2018 ihre definitive Wirksamkeit erlangt. Die Betreiber dieser Seiten nehmen den Schutz Ihrer pers\u00f6nlichen Daten sehr ernst. Wir behandeln Ihre personenbezogenen Daten vertraulich und entsprechend der gesetzlichen Datenschutzvorschriften sowie dieser Datenschutzerkl\u00e4rung. Die Nutzung unserer Website ist prinzipiell ohne Angabe personenbezogener Daten m\u00f6glich. Soweit auf unseren Seiten personenbezogene Daten (z.B. Name, Vorname, Telefon, Anschrift oder E-Mail-Adressen) erhoben werden, erfolgt dies, soweit m\u00f6glich, stets auf freiwilliger Basis. Diese Daten werden ohne Ihre ausdr\u00fcckliche Zustimmung nicht an Dritte weitergegeben. Wir weisen Sie darauf hin, dass trotz all unserer getroffenen Massnahmen die Daten\u00fcbertragung im Internet (z.B. bei der Kommunikation per E-Mail) Sicherheitsl\u00fccken aufweisen kann und deshalb ein l\u00fcckenloser Schutz der Daten vor dem Zugriff durch Dritte ist nicht in jedem Fall gew\u00e4hrleistet ist.<\/p><p><strong>Cookies<\/strong><\/p><p>Diese Internetseite verwendet Cookies. Cookies richten auf Ihrem Rechner weder Schaden an und enthalten auch keine Viren. Das Anlegen eines Cookies ist eine M\u00f6glichkeit zur Zwischenspeicherung von Daten und dient dazu, unser Angebot nutzerfreundlicher, effektiver und sicherer zu machen. Cookies sind kleine Textdateien, die auf Ihrem Rechner abgelegt und von Ihrem Browser speichert werden. Die am h\u00e4ufigsten von uns verwendeten Cookies sind so genannte \u201eSession-Cookies\u201c. welche eine beschr\u00e4nkte Lebensdauer haben. Sie werden nach Ende Ihres Besuchs automatisch gel\u00f6scht. Andere Cookies bleiben auf Ihrem Endger\u00e4t gespeichert, bis Sie diese l\u00f6schen. Diese Cookies erm\u00f6glichen es uns, Sie als Besucher beim n\u00e4chsten Besuch wiederzuerkennen und Ihnen damit ein besseres Besuchererlebnis zu bieten. Sie k\u00f6nnen Ihren Browser so einstellen, dass Sie \u00fcber das Setzen von Cookies informiert werden. Sie k\u00f6nnen Cookies auch spezifisch nur in Einzelf\u00e4llen erlauben oder auch generell ausschliessen. Auch k\u00f6nnen Sie einstellen, dass Cookies automatisch beim Schliessen des Browserfensters gel\u00f6scht werden. Wenn Sie Cookies deaktivieren, kann die Funktionalit\u00e4t dieser Webseite eingeschr\u00e4nkt sein.<\/p><p><strong>Server-Log-Files<\/strong><\/p><p>Der Hostingprovider dieser Webseite erhebt und speichert automatisch Informationen in so genannten Server-Log Files, die Ihr Browser automatisch \u00fcbermittelt. Dies sind insbesondere: Browsertyp und Browserversion verwendetes Betriebssystem Referrer URL Hostname des zugreifenden Rechners Uhrzeit der Serveranfrage Diese Daten sind nicht bestimmten Personen zuordenbar. Eine Zusammenf\u00fchrung dieser Daten mit anderen Datenquellen wird nicht vorgenommen. Wir behalten uns vor, diese Daten nachtr\u00e4glich zu pr\u00fcfen, wenn uns konkrete Anhaltspunkte f\u00fcr eine rechtswidrige Nutzung bekannt werden. Diese Datenerhebung dient prim\u00e4r dazu, Angriffsversuche auf die Webseite auszuwerten und zu verhindern. Hostingprovider sind ausserdem in gewissen Situationen gesetzlich dazu verpflichtet, Auskunft geben zu k\u00f6nnen, von wo Zugegriffen wurde, um kriminellen Aktivit\u00e4ten entgegenzutreten.<\/p><p><strong>Kontaktformular<\/strong><\/p><p>Wenn Sie ein Formular z.B. das Kontakformular bei uns auf der Webseite ausf\u00fcllen, werden alle Ihre Angaben per E-Mail an uns \u00fcbermittelt und zus\u00e4tzlich zur Sicherheit vor Verlust und besseren Nachvollziehbarkeit in der Datenbank gespeichert. Diese Daten geben wir nicht ohne Ihre Einwilligung an dritte weiter.<\/p><p><strong>Newsletterdaten<\/strong><\/p><p>Wir bieten unseren Kunden einen Newsletter an. Wenn Sie diesen erhalten m\u00f6chten, ben\u00f6tigen wir von Ihnen eine g\u00fcltige E-Mail-Adresse sowie Informationen, welche uns die \u00dcberpr\u00fcfung gestatten, dass Sie der Inhaber der angegebenen E-Mail-Adresse sind und Ihre Zustimmunng, dass wir Ihnen den Newsletter zusenden. F\u00fcr die Personalisierung vom Newsletter setzen wir unsere Adressverwaltung ein. In der Adressverwaltung werden Sie mit Ihren kompletten Adressdaten gef\u00fchrt, sofern Sie uns diese angeben. Im Newsletter verwenden wir Ihren Vornamen und Namen sowie die Anrede f\u00fcr eine pers\u00f6nliche Adressierung. Wir m\u00f6chten Ihnen damit einen Mehrwert bieten und Sie pers\u00f6nlich ansprechen. Wenn Sie das nicht m\u00f6chten, d\u00fcrfen Sie uns das jederzeit mitteilen und wir entfernen diese Daten. Die Newsletterdaten verwenden wir ausschliesslich f\u00fcr den Versand der angeforderten Informationen und die Korrespondenz mit unseren Kunden im Zusammenhang mit Rechnungen, Vertr\u00e4gen und projektspezifischen Arbeiten. Wir versichern Ihnen, dass wir Ihre Daten vertraulich behandeln und sie niemals an Dritte weitergeben. Die erteilte Einwilligung zur Speicherung der Daten, der E-Mail-Adresse sowie deren Nutzung in unserer Adressverwaltung und zum Versand des Newsletters k\u00f6nnen Sie jederzeit widerrufen, indem Sie uns dies per E-Mail, Telefon oder per \u201cAustragen\u201d-Link im Newsletter mitteilen.<\/p><p><strong>Google Analytics<\/strong><\/p><p>Dieses Angebot benutzt Google Analytics, einen Webanalysedienst der Google Inc. (\u201eGoogle\u201c). Google Analytics verwendet sog. \u201eCookies\u201c, Textdateien, die auf Computer der Nutzer gespeichert werden und die eine Analyse der Benutzung der Website durch sie erm\u00f6glichen. Die durch den Cookie erzeugten Informationen \u00fcber Benutzung dieser Website durch die Nutzer werden in der Regel an einen Server von Google in den USA \u00fcbertragen und dort gespeichert. Im Falle der Aktivierung der IP-Anonymisierung auf dieser Webseite, wird die IP-Adresse der Nutzer von Google jedoch innerhalb von Mitgliedstaaten der Europ\u00e4ischen Union oder in anderen Vertragsstaaten des Abkommens \u00fcber den Europ\u00e4ischen Wirtschaftsraum zuvor gek\u00fcrzt. Nur in Ausnahmef\u00e4llen wird die volle IP-Adresse an einen Server von Google in den USA \u00fcbertragen und dort gek\u00fcrzt. Die IP-Anonymisierung ist auf dieser Website aktiv. Im Auftrag des Betreibers dieser Website wird Google diese Informationen benutzen, um die Nutzung der Website durch die Nutzer auszuwerten, um Reports \u00fcber die Websiteaktivit\u00e4ten zusammenzustellen und um weitere mit der Websitenutzung und der Internetnutzung verbundene Dienstleistungen gegen\u00fcber dem Websitebetreiber zu erbringen. Die im Rahmen von Google Analytics von Ihrem Browser \u00fcbermittelte IP-Adresse wird nicht mit anderen Daten von Google zusammengef\u00fchrt. Die Nutzer k\u00f6nnen die Speicherung der Cookies durch eine entsprechende Einstellung Ihrer Browser-Software verhindern; Dieses Angebot weist die Nutzer jedoch darauf hin, dass Sie in diesem Fall gegebenenfalls nicht s\u00e4mtliche Funktionen dieser Website vollumf\u00e4nglich werden nutzen k\u00f6nnen. Die Nutzer k\u00f6nnen dar\u00fcber hinaus die Erfassung der durch das Cookie erzeugten und auf ihre Nutzung der Website bezogenen Daten (inkl. Ihrer IP-Adresse) an Google sowie die Verarbeitung dieser Daten durch Google verhindern, indem sie das unter dem folgenden Link verf\u00fcgbare Browser-Plugin herunterladen und installieren:\u00a0<a href=\"http:\/\/tools.google.com\/dlpage\/gaoptout?hl=de\">hier<\/a>. Drittanbieter, einschliesslich Google, schalten Anzeigen auf Websites im Internet. Drittanbieter, einschliesslich Google, verwenden gespeicherte Cookies zum Schalten von Anzeigen auf Grundlage vorheriger Besuche eines Nutzers auf dieser Website. Google wird in keinem Fall Ihre IP-Adresse mit anderen Daten der Google in Verbindung bringen. Der Datenerhebung und -speicherung kann jederzeit mit Wirkung f\u00fcr die Zukunft widersprochen werden. Sie k\u00f6nnen die Verwendung von Cookies durch Google durch eine entsprechende Einstellung Ihrer Browser Software deaktivieren. Weitere Informationen zur Daten-Nutzung zu Werbezwecken durch Google, Einstellungs- und Widerspruchsm\u00f6glichkeiten erfahren Sie auf den Webseiten von Google:\u00a0<a href=\"https:\/\/www.google.com\/intl\/de\/policies\/privacy\/partners\">Datenschutzbestimmung<\/a>\u00a0(\u201eDatennutzung durch Google bei Ihrer Nutzung von Websites oder Apps unserer Partner\u201c),\u00a0<a href=\"http:\/\/www.google.com\/policies\/technologies\/ads\">Datenschutzbestimmung<\/a>\u00a0(\u201eDatennutzung zu Werbezwecken\u201c),\u00a0<a href=\"http:\/\/www.google.de\/settings\/ads\">ads<\/a>\u00a0(\u201eInformationen verwalten, die Google verwendet, um Ihnen Werbung einzublenden\u201c) und\u00a0<a href=\"http:\/\/www.google.com\/ads\/preferences\">Pr\u00e4ferenz<\/a>\u00a0(\u201eBestimmen Sie, welche Werbung Google Ihnen zeigt\u201c). Alternativ zum Browser-Add-On oder innerhalb von Browsern auf mobilen Ger\u00e4ten, installieren Sie sich bitte die App Ghostery. Durch die Nutzung dieser Website erkl\u00e4ren Sie sich mit der Bearbeitung der \u00fcber Sie erhobenen Daten durch Google in der zuvor beschriebenen Art und Weise und zu dem zuvor benannten Zweck einverstanden.<\/p><p><strong>Google AdWords<\/strong><\/p><p>Diese Website verwendet Google AdWords, einen Analysedienst von Google, und im Rahmen von Google AdWords das Conversion Tracking. Dabei wird von Google AdWords ein Cookie f\u00fcr das Conversion Tracking in Ihrem Browser abgelegt (sogenannter \u201eConversion Cookie\u201c), wenn Sie auf eine von Google geschaltete Anzeige klicken. Diese Cookies verlieren ihre G\u00fcltigkeit nach 30 Tagen und dienen nicht der pers\u00f6nlichen Identifizierung. Besuchen Sie bestimmte Seiten auf unserer Website k\u00f6nnen Google und wir erkennen, dass Sie auf die Anzeigegeklickt haben und zu dieser Seite weitergeleitet wurden. Die mithilfe der Conversion Cookies erlangten Informationen dienen der Erstellung von Statistiken f\u00fcr AdWords Kunden, die Conversion Tracking einsetzen. Wir erfahren durch diese Statistiken die Gesamtanzahl von Nutzern, die auf die von Google geschaltete Anzeige geklickt haben und eine mit einem Conversion-Tracking-Tag versehenen Seite aufgerufen haben. Neben dem Conversion Tracking verwenden wir manchmal auch die Funktionen Remarketing Zielgruppen mit gemeinsamen Interessen benutzerdefinierte Zielgruppen mit gemeinsamen Interessen kaufbereite Zielgruppen \u00e4hnliche Zielgruppen demografische und geografische Ausrichtung. Mit der Remarketing-Funktion von Google erreichen wir Nutzer, die unsere Website bereits besucht haben. So k\u00f6nnen wir unsere Werbung Zielgruppen pr\u00e4sentieren, die sich bereits f\u00fcr unsere Produkte oder Dienstleistungen interessieren. AdWords ermittelt zudem anhand des Nutzerverhaltens auf Websites im Werbenetzwerk von Google (\u201eDisplay-Netzwerk\u201c) in den letzten 30 Tagen sowie mithilfe der kontextbezogenen Suchmaschine, welche gemeinsamen Interessen und Merkmale die Nutzer unserer Website aufweisen. Auf Grundlage dieser Informationen findet AdWords dann neue potenzielle Kunden f\u00fcr Marketingzwecke, deren Interessen und Merkmale denen der Nutzer unserer Website \u00e4hneln. Das zielgruppenspezifische Remarketing erfolgt durch kombinierten Einsatz von Cookies, wie z.B. Google Analytics-Cookies und Google DoubleClick-Cookies. Weitere Informationen zum Thema Nutzungsbedingungen und Datenschutz im Rahmen von Google AdWords finden Sie unter diesem Link:\u00a0<a href=\"http:\/\/www.google.de\/policies\/technologies\/ads\/\">hier<\/a>.<\/p><p><strong>YouTube<\/strong><\/p><p>Wir binden einige Videos der Plattform \u201cYouTube\u201d des Anbieters Google LLC, 1600 Amphitheatre Parkway, Mountain View, CA 94043, USA, ein. Diese Einbindung hat zur Folge, dass im Hintergrund Daten zu Trackingzwecken ausgetauscht werden. Wenn Sie keine Daten von sich preisgeben m\u00f6chten, loggen Sie sich bitte aus Ihrem Google Konto aus oder verwenden Sie ein Plugin wie Ghostery, um den Datenaustausch zu blockieren. Hier finden Sie die Google Datenschutzerkl\u00e4rung.<\/p><p><strong>Facebook (Pixel) Remarketing \/ Retargeting (Custom Audiencens)<\/strong><\/p><p>Auf unseren Seiten ist das Facebook Pixel des sozialen Netzwerks Facebook, 1601 South California Avenue, Palo Alto, CA 94304, USA integriert. Wenn Sie unsere Seiten besuchen, wird \u00fcber das Facebook Pixel eine direkte Verbindung zwischen Ihrem Browser und dem Facebook-Server hergestellt. Facebook erh\u00e4lt dadurch die Information, dass Sie mit Ihrer IP-Adresse unsere Seite besucht haben. Dadurch kann Facebook den Besuch unserer Seiten Ihrem Benutzerkonto zuordnen. Die so erhaltenen Informationen k\u00f6nnen wir f\u00fcr die Anzeige von Facebook Ads oder f\u00fcr Tracking-Funktionalit\u00e4ten nutzen. Wir weisen darauf hin, dass wir als Anbieter der Seiten keine Kenntnis vom Inhalt der \u00fcbermittelten Daten sowie deren Nutzung durch Facebook erhalten. Weitere Informationen hierzu finden Sie in der Datenschutzerkl\u00e4rung von facebook unter\u00a0<a href=\"https:\/\/www.facebook.com\/about\/privacy\/\">diesem Link<\/a>\u00a0. Falls Sie keine Datenerfassung via Custom Audience w\u00fcnschen, k\u00f6nnen Sie Custom Audiences hier deaktivieren.<\/p><p><strong>Einbindung von Diensten und Inhalten dritter<\/strong><\/p><p>Es kann passieren, dass innerhalb dieses Onlineangebotes Inhalte Dritter, wie zum Beispiel Videos von YouTube, Kartenmaterial von Google-Maps, RSS-Feeds oder Grafiken von anderen Webseiten eingebunden werden. Dies setzt immer voraus, dass die Anbieter dieser Inhalte (nachfolgend bezeichnet als \u201cDritt-Anbieter\u201d) die IP-Adresse der Nutzer wahrnehmen. Denn ohne die IP-Adresse, k\u00f6nnten sie die Inhalte nicht an den Browser des jeweiligen Nutzers senden. Die IP-Adresse ist damit f\u00fcr die Darstellung dieser Inhalte erforderlich. Wir bem\u00fchen uns nur solche Inhalte zu verwenden, deren jeweilige Anbieter die IP-Adresse lediglich zur Auslieferung der Inhalte verwenden. Jedoch haben wir keinen Einfluss darauf, falls die Dritt-Anbieter die IP-Adresse z.B. f\u00fcr statistische Zwecke speichern. Soweit dies uns bekannt ist, kl\u00e4ren wir die Nutzer dar\u00fcber auf. Wenn Sie keine Daten von sich preisgeben m\u00f6chten, loggen Sie sich bitte aus Ihrem Google Konto aus oder verwenden Sie ein Plugin wie Ghostery, um den Datenaustausch zu blockieren. Hier finden Sie die Google Datenschutzerkl\u00e4rung.<\/p><p><strong>Recht auf Auskunft, Sperrung und L\u00f6schung<\/strong><\/p><p>Sie haben jederzeit das Recht auf unentgeltliche Auskunft \u00fcber Ihre gespeicherten personenbezogenen Daten. Insbesondere deren Herkunft und Empf\u00e4nger und den Zweck der Datenverarbeitung sowie ein Recht auf Berichtigung, Sperrung oder L\u00f6schung dieser Daten.<\/p><p><strong>Widerspruch gegen unerw\u00fcnschte E-Mails<\/strong><\/p><p>Der Nutzung der im Rahmen der Impressumspflicht ver\u00f6ffentlichten Kontaktdaten zur \u00dcbersendung von nicht ausdr\u00fccklich angeforderter Werbung und Informationsmaterialien wird hiermit widersprochen. Im Falle der unverlangten Zusendung von Werbeinformationen, etwa durch Spam-E-Mails oder Post, behalten die Betreiber dieser Seite ausdr\u00fccklich rechtliche Schritte vor.<\/p><p>Diese Website ist durch reCAPTCHA gesch\u00fctzt und es gelten die\u00a0<a href=\"https:\/\/policies.google.com\/privacy\" target=\"_blank\" rel=\"noreferrer noopener\">Datenschutzbestimmungen<\/a>\u00a0und\u00a0<a href=\"https:\/\/policies.google.com\/terms\" target=\"_blank\" rel=\"noreferrer noopener\">Nutzungsbedingungen<\/a>\u00a0von Google.<\/p>\t\t\t\t\t\t\t\t<\/div>\n\t\t\t\t<\/div>\n\t\t\t\t<\/div>\n\t\t\t\t<\/div>\n\t\t\t\t<\/div>","protected":false},"excerpt":{"rendered":"<p>Datenschutzerkl\u00e4rung Grundlegendes Diese Datenschutzbestimmungen basieren auf den Gesetzlichen Regelungen der DSGVO (Datenschutz Grundverordnung) welche per 25. Mai 2018 ihre definitive Wirksamkeit erlangt. Die Betreiber dieser Seiten nehmen den Schutz Ihrer pers\u00f6nlichen Daten sehr ernst. Wir behandeln Ihre personenbezogenen Daten vertraulich und entsprechend der gesetzlichen Datenschutzvorschriften sowie dieser Datenschutzerkl\u00e4rung. Die Nutzung unserer Website ist prinzipiell ohne &hellip; <\/p>\n<p class=\"link-more\"><a href=\"https:\/\/boulevardbasel.ch\/en\/datenschutz\/\" class=\"more-link\">Continue reading<span class=\"screen-reader-text\"> &#171;Datenschutz&#187;<\/span><\/a><\/p>","protected":false},"author":1,"featured_media":0,"parent":0,"menu_order":0,"comment_status":"closed","ping_status":"closed","template":"elementor_header_footer","meta":{"_acf_changed":false,"footnotes":""},"class_list":["post-219","page","type-page","status-publish","hentry","entry"],"acf":[],"_links":{"self":[{"href":"https:\/\/boulevardbasel.ch\/en\/wp-json\/wp\/v2\/pages\/219","targetHints":{"allow":["GET"]}}],"collection":[{"href":"https:\/\/boulevardbasel.ch\/en\/wp-json\/wp\/v2\/pages"}],"about":[{"href":"https:\/\/boulevardbasel.ch\/en\/wp-json\/wp\/v2\/types\/page"}],"author":[{"embeddable":true,"href":"https:\/\/boulevardbasel.ch\/en\/wp-json\/wp\/v2\/users\/1"}],"replies":[{"embeddable":true,"href":"https:\/\/boulevardbasel.ch\/en\/wp-json\/wp\/v2\/comments?post=219"}],"version-history":[{"count":25,"href":"https:\/\/boulevardbasel.ch\/en\/wp-json\/wp\/v2\/pages\/219\/revisions"}],"predecessor-version":[{"id":6493,"href":"https:\/\/boulevardbasel.ch\/en\/wp-json\/wp\/v2\/pages\/219\/revisions\/6493"}],"wp:attachment":[{"href":"https:\/\/boulevardbasel.ch\/en\/wp-json\/wp\/v2\/media?parent=219"}],"curies":[{"name":"wp","href":"https:\/\/api.w.org\/{rel}","templated":true}]}}